{"id":144,"date":"2014-10-28T08:04:50","date_gmt":"2014-10-28T08:04:50","guid":{"rendered":"http:\/\/cleanco-demo.detheme.com\/?page_id=144"},"modified":"2018-11-12T13:28:10","modified_gmt":"2018-11-12T19:28:10","slug":"contacto","status":"publish","type":"page","link":"https:\/\/urgehogar.com\/ni\/contacto\/","title":{"rendered":"Contacto"},"content":{"rendered":"<p>[vc_row][vc_column][section_header use_decoration=&#8221;0&#8243; main_heading=&#8221;Oficinas Centrales&#8221; text_align=&#8221;left&#8221; font_size=&#8221;custom&#8221; custom_font_size=&#8221;24px&#8221; color=&#8221;#555555&#8243; css=&#8221;.vc_custom_1510661546101{margin-bottom: 0px !important;}&#8221;][vc_empty_space][\/vc_column][vc_column width=&#8221;1\/2&#8243;][vc_row_inner][vc_column_inner width=&#8221;1\/2&#8243;]<div id=\"module_dt_iconboxes_1\" class=\"module_dt_iconboxes\"><div class=\"dt-iconboxes layout-9\" >\r\n                        <i class=\"simplelineicon-phone\"><\/i>\r\n                        <div class=\"text-box\"><h4>Ll\u00e1manos<\/h4>\r\n                        <p style=\"text-align: left; margin-top: -15px; font-size: 16px;\">+505 2278-0156<\/p>\n<\/div><\/div><\/div>[\/vc_column_inner][vc_column_inner width=&#8221;1\/2&#8243;]<div id=\"module_dt_iconboxes_2\" class=\"module_dt_iconboxes\"><div class=\"dt-iconboxes layout-9\" >\r\n                        <i class=\"simplelineicon-envelope-open\"><\/i>\r\n                        <div class=\"text-box\"><h4>\u00bfNecesitas ayuda?<\/h4>\r\n                        <p style=\"text-align: left; margin-top: -15px; font-size: 16px;\">kmendez@urgerhogar.com<\/p>\n<\/div><\/div><\/div>[\/vc_column_inner][\/vc_row_inner][\/vc_column][vc_column width=&#8221;1\/2&#8243;][vc_row_inner][vc_column_inner width=&#8221;1\/2&#8243;]<div id=\"module_dt_iconboxes_3\" class=\"module_dt_iconboxes\"><div class=\"dt-iconboxes layout-9\" >\r\n                        <i class=\"simplelineicon-location-pin\"><\/i>\r\n                        <div class=\"text-box\"><h4>Ubicaci\u00f3n<\/h4>\r\n                        <p style=\"text-align: left; margin-top: -15px; font-size: 16px;\">Rotonda Jean Paul Genie 2c al oeste, 75 metros al Norte.<br \/>\nManagua<\/p>\n<\/div><\/div><\/div>[\/vc_column_inner][vc_column_inner width=&#8221;1\/2&#8243;]<div id=\"module_dt_iconboxes_4\" class=\"module_dt_iconboxes\"><div class=\"dt-iconboxes layout-9\" >\r\n                        <i class=\"simplelineicon-clock\"><\/i>\r\n                        <div class=\"text-box\"><h4>Horarios<\/h4>\r\n                        <p style=\"text-align: left; margin-top: -15px; font-size: 16px;\">Lunes-S\u00e1bados- 07:00 am &#8211; 5:00 pm<\/p>\n<\/div><\/div><\/div>[\/vc_column_inner][\/vc_row_inner][\/vc_column][\/vc_row][vc_row el_id=&#8221;contactform&#8221;][vc_column][vc_separator][\/vc_column][vc_column width=&#8221;1\/2&#8243;][vc_empty_space height=&#8221;15px&#8221;][section_header use_decoration=&#8221;1&#8243; main_heading=&#8221;Escr\u00edbenos&#8221;][vc_column_text]Al necesitar uno de nuestros servicios, nuestros clientes deben comunicarse al tel\u00e9fono (505) 2278-0156, o escribir al correo <a href=\"mailto:kmendez@urgehogar.com\" target=\"_blank\" rel=\"noopener noreferrer\">kmendez@urgehogar.com<\/a> en esta l\u00ednea lo atender\u00e1 una Ejecutiva que le har\u00e1 pasar la llamada al \u00e1rea de ventas o al \u00e1rea de Operaciones para que puedan escuchar su solicitud de Servicio.<\/p>\n<p>El \u00e1rea de Ventas ser\u00e1 la encargada de tomar nota de todos los requerimientos hechos por el cliente, para formular una orden de inspecci\u00f3n al \u00e1rea de operaciones y se pueda programar una cita o inspecci\u00f3n a la direcci\u00f3n solicitada por el cliente. El ejecutivo se encargar\u00e1 de otorgar el nombre del supervisor que se har\u00e1 presente en la inspecci\u00f3n por cuestiones de seguridad.[\/vc_column_text][\/vc_column][vc_column width=&#8221;1\/2&#8243;]\n<div class=\"wpcf7 no-js\" id=\"wpcf7-f999999-o1\" lang=\"en-US\" dir=\"ltr\">\n<div class=\"screen-reader-response\"><p role=\"status\" aria-live=\"polite\" aria-atomic=\"true\"><\/p> <ul><\/ul><\/div>\n<form action=\"\/ni\/wp-json\/wp\/v2\/pages\/144#wpcf7-f999999-o1\" method=\"post\" class=\"wpcf7-form init\" aria-label=\"Contact form\" novalidate=\"novalidate\" data-status=\"init\">\n<div style=\"display: none;\">\n<input type=\"hidden\" name=\"_wpcf7\" value=\"999999\" \/>\n<input type=\"hidden\" name=\"_wpcf7_version\" value=\"5.7.7\" \/>\n<input type=\"hidden\" name=\"_wpcf7_locale\" value=\"en_US\" \/>\n<input type=\"hidden\" name=\"_wpcf7_unit_tag\" value=\"wpcf7-f999999-o1\" \/>\n<input type=\"hidden\" name=\"_wpcf7_container_post\" value=\"0\" \/>\n<input type=\"hidden\" name=\"_wpcf7_posted_data_hash\" value=\"\" \/>\n<\/div>\n<div class=\"col-xs-12\">\n\t<p>Su Nombre<br \/>\n<span class=\"wpcf7-form-control-wrap\" data-name=\"your-name\"><input size=\"40\" class=\"wpcf7-form-control wpcf7-text wpcf7-validates-as-required rounded no-border\" aria-required=\"true\" aria-invalid=\"false\" value=\"\" type=\"text\" name=\"your-name\" \/><\/span>\n\t<\/p>\n<\/div>\n<div class=\"col-xs-12 col-sm-6\">\n\t<p>Su Correo<br \/>\n<span class=\"wpcf7-form-control-wrap\" data-name=\"your-email\"><input size=\"40\" class=\"wpcf7-form-control wpcf7-text wpcf7-email wpcf7-validates-as-required wpcf7-validates-as-email rounded no-border\" aria-required=\"true\" aria-invalid=\"false\" value=\"\" type=\"email\" name=\"your-email\" \/><\/span>\n\t<\/p>\n<\/div>\n<div class=\"col-xs-12 col-sm-6\">\n\t<p>Asunto<br \/>\n<span class=\"wpcf7-form-control-wrap\" data-name=\"your-subject\"><input size=\"40\" class=\"wpcf7-form-control wpcf7-text rounded no-border\" aria-invalid=\"false\" value=\"\" type=\"text\" name=\"your-subject\" \/><\/span>\n\t<\/p>\n<\/div>\n<div class=\"col-xs-12\">\n\t<p>Su Mensaje<br \/>\n<span class=\"wpcf7-form-control-wrap\" data-name=\"your-message\"><textarea cols=\"40\" rows=\"2\" class=\"wpcf7-form-control wpcf7-textarea rounded no-border\" aria-invalid=\"false\" name=\"your-message\"><\/textarea><\/span>\n\t<\/p>\n<\/div>\n<div class=\"col-xs-12\">\n\t<p>[recaptcha]\n\t<\/p>\n<\/div>\n<div class=\"col-xs-12\">\n\t<p><input class=\"wpcf7-form-control has-spinner wpcf7-submit btn btn-default btn-primary-secondary rounded no-border\" type=\"submit\" value=\"Enviar\" \/>\n\t<\/p>\n<\/div><div class=\"wpcf7-response-output\" aria-hidden=\"true\"><\/div>\n<\/form>\n<\/div>\n[\/vc_column][\/vc_row]<\/p>\n","protected":false},"excerpt":{"rendered":"<p>[vc_row][vc_column][section_header use_decoration=&#8221;0&#8243; main_heading=&#8221;Oficinas Centrales&#8221; text_align=&#8221;left&#8221; font_size=&#8221;custom&#8221; custom_font_size=&#8221;24px&#8221; color=&#8221;#555555&#8243; css=&#8221;.vc_custom_1510661546101{margin-bottom: 0px !important;}&#8221;][vc_empty_space][\/vc_column][vc_column width=&#8221;1\/2&#8243;][vc_row_inner][vc_column_inner width=&#8221;1\/2&#8243;][\/vc_column_inner][vc_column_inner width=&#8221;1\/2&#8243;][\/vc_column_inner][\/vc_row_inner][\/vc_column][vc_column width=&#8221;1\/2&#8243;][vc_row_inner][vc_column_inner width=&#8221;1\/2&#8243;][\/vc_column_inner][vc_column_inner width=&#8221;1\/2&#8243;][\/vc_column_inner][\/vc_row_inner][\/vc_column][\/vc_row][vc_row el_id=&#8221;contactform&#8221;][vc_column][vc_separator][\/vc_column][vc_column width=&#8221;1\/2&#8243;][vc_empty_space height=&#8221;15px&#8221;][section_header use_decoration=&#8221;1&#8243; main_heading=&#8221;Escr\u00edbenos&#8221;][vc_column_text]Al necesitar uno de nuestros servicios, nuestros clientes deben comunicarse al tel\u00e9fono (505) 2278-0156, o escribir al correo kmendez@urgehogar.com en esta l\u00ednea lo atender\u00e1 una Ejecutiva que le har\u00e1 pasar la llamada al \u00e1rea&hellip;<\/p>\n","protected":false},"author":1,"featured_media":10,"parent":0,"menu_order":0,"comment_status":"open","ping_status":"open","template":"","meta":[],"_links":{"self":[{"href":"https:\/\/urgehogar.com\/ni\/wp-json\/wp\/v2\/pages\/144"}],"collection":[{"href":"https:\/\/urgehogar.com\/ni\/wp-json\/wp\/v2\/pages"}],"about":[{"href":"https:\/\/urgehogar.com\/ni\/wp-json\/wp\/v2\/types\/page"}],"author":[{"embeddable":true,"href":"https:\/\/urgehogar.com\/ni\/wp-json\/wp\/v2\/users\/1"}],"replies":[{"embeddable":true,"href":"https:\/\/urgehogar.com\/ni\/wp-json\/wp\/v2\/comments?post=144"}],"version-history":[{"count":24,"href":"https:\/\/urgehogar.com\/ni\/wp-json\/wp\/v2\/pages\/144\/revisions"}],"predecessor-version":[{"id":1001177,"href":"https:\/\/urgehogar.com\/ni\/wp-json\/wp\/v2\/pages\/144\/revisions\/1001177"}],"wp:featuredmedia":[{"embeddable":true,"href":"https:\/\/urgehogar.com\/ni\/wp-json\/wp\/v2\/media\/10"}],"wp:attachment":[{"href":"https:\/\/urgehogar.com\/ni\/wp-json\/wp\/v2\/media?parent=144"}],"curies":[{"name":"wp","href":"https:\/\/api.w.org\/{rel}","templated":true}]}}