{"id":142,"date":"2014-10-28T08:04:41","date_gmt":"2014-10-28T08:04:41","guid":{"rendered":"http:\/\/cleanco-demo.detheme.com\/?page_id=142"},"modified":"2018-11-27T15:48:51","modified_gmt":"2018-11-27T21:48:51","slug":"about-us","status":"publish","type":"page","link":"https:\/\/urgehogar.com\/ni\/about-us\/","title":{"rendered":"Qui\u00e9nes Somos"},"content":{"rendered":"<p>[vc_row css=&#8221;.vc_custom_1543354642564{margin-top: 80px !important;padding-top: 50px !important;}&#8221;][vc_column css=&#8221;.vc_custom_1543354591188{margin-top: 0px !important;margin-bottom: 0px !important;padding-top: 0px !important;padding-bottom: 0px !important;}&#8221;][vc_empty_space height=&#8221;95px&#8221; el_class=&#8221;hideondesktop&#8221;][section_header use_decoration=&#8221;0&#8243; main_heading=&#8221;Qui\u00e9nes Somos&#8221; text_align=&#8221;left&#8221; font_size=&#8221;custom&#8221; custom_font_size=&#8221;48&#8243; color=&#8221;#555555&#8243; css=&#8221;.vc_custom_1543354574405{margin-top: 0px !important;margin-bottom: 0px !important;padding-top: 0px !important;padding-bottom: 0px !important;}&#8221;][vc_column_text]Somos una empresa dedicada a la prestaci\u00f3n de servicios de Mantenimiento y Manejo de propiedades en los sectores: comerciales, corporativos, institucionales y residenciales. Brindamos soluciones y satisfacciones diarias a los problemas cotidianos de su hogar y centro laboral, desde el m\u00e1s peque\u00f1o hasta el m\u00e1s grande, integrando un alto conocimiento t\u00e9cnico de cada uno de nuestros profesionales, garantizando una estrecha relaci\u00f3n de confianza y seguridad de parte de nuestros clientes.[\/vc_column_text][\/vc_column][\/vc_row][vc_row css=&#8221;.vc_custom_1543352866970{margin-top: 0px !important;margin-bottom: 0px !important;padding-top: 0px !important;}&#8221;][vc_column width=&#8221;1\/2&#8243;][vc_column_text]<\/p>\n<h2 class=\"comofunciona\">NUESTRO TRABAJO<\/h2>\n<p>Nuestros empresa cuenta con atenci\u00f3n a trabajos correctivos o de emergencias tales como: Fontaner\u00eda, electricidad, Alba\u00f1iler\u00eda, Pintura, Impermeabilizaciones, Gypsum, entre otros. As\u00ed mismo, servicios preventivos o planificados que garantizan la longevidad y vida ;\u00fatil de sus propiedades tales como: Conserjer\u00eda, Administraci\u00f3n de condominios, Jardiner\u00eda, Mantenimiento de piscina, Limpiezas profundas, fumigaciones, entre otros. Todos y cada uno de ellos realizados con las debidas certificaciones y equipos de protecci\u00f3n autorizados, que garantizan la integridad de nuestros colaboradores.[\/vc_column_text][\/vc_column][vc_column width=&#8221;1\/2&#8243;][vc_column_text]<\/p>\n<h2 class=\"comofunciona\">LOS MEJORES ESPECIALISTAS<\/h2>\n<p>La Estructura de supervisi\u00f3n de nuestra empresa est\u00e1 cubierta por especialista en cada una de las \u00e1reas de Servicio, profesionales tales como: Ing Civiles, Arquitectos, Ing. Agronomos, Ing. El\u00e9ctricos, Ing Hidr\u00e1ulicos, Fontaneros, Pintores, entre otros. Que garantizan una entrega de trabajos con los m\u00e1s altos est\u00e1ndares de calidad.[\/vc_column_text][\/vc_column][\/vc_row][vc_row el_id=&#8221;decotitle&#8221;][vc_column][vc_column_text]<\/p>\n<p style=\"font-family: Roboto; font-size: 38px; color: #16bae1; text-align: center; font-weight: 900;\">\u00bfC\u00d3MO FUNCIONA?<\/p>\n<p>[\/vc_column_text][vc_column_text]<\/p>\n<h2 class=\"comofunciona\">LLAMA Y SE ATENDIDO POR UN EJECUTIVO<\/h2>\n<p>Al necesitar uno de nuestros servicios, nuestros clientes deben comunicarse al tel\u00e9fono (505) 2278-0156, o escribir al correo info@urgehogar.com en esta l\u00ednea lo atender[a una Ejecutiva que le har\u00e1 pasar la llamada al \u00e1rea de ventas o al \u00e1rea de Operaciones para que puedan escuchar su solicitud de Servicio.<\/p>\n<h2 class=\"comofunciona\">D\u00c1 TUS REQUERIMIENTOS<\/h2>\n<p>El \u00e1rea de Ventas ser\u00e1 la encargada de tomar nota de todos los requerimientos hechos por el cliente, para formular una orden de inspecci\u00f3n al \u00e1rea de operaciones y se pueda programar una cita o inspecci\u00f3n a la direcci\u00f3n solicitada por el cliente. El ejecutivo se encargar\u00e1 de otorgar el nombre del supervisor que se har\u00e1 presente en la inspecci\u00f3n por cuestiones de seguridad.<\/p>\n<h2 class=\"comofunciona\">EJECUCI\u00d3N DE VISITA Y RECONOCIMIENTO DE PERSONAL<\/h2>\n<p>El supervisor llegar\u00e1 al punto de trabajo en un veh\u00edculo reconocible con la publicidad de URGEHOGAR, debidamente uniformado e identificado con su ID de trabajo. Se Identificar\u00e1 con su nombre completo y le ense\u00f1ar\u00e1 el ID al Cliente. Posterior a esto, se deber\u00e1 de tomar anotaciones y medidas de todos los puntos relevantes y significativos del trabajo a realizar, considerando todos los escenarios posibles, con la intenci\u00f3n de dar un diagnostico \u00fanico y certero a nuestros clientes.<\/p>\n<h2 class=\"comofunciona\">PRESUPUESTO<\/h2>\n<p>El \u00e1rea de Operaciones se encargar\u00e1 de convertir la informaci\u00f3n y los datos de la inspecci\u00f3n en un presupuesto t\u00e9cnico, en donde se detallen todos los alcances de servicio, tiempos de duraci\u00f3n, formas de pago y garant\u00edas del trabajo. Se realizar\u00e1 una orden de trabajo con un orden y un consecutivo especifico, esperando la autorizaci\u00f3n y visto bueno del cliente.<\/p>\n<h2 class=\"comofunciona\">EJECUCI\u00d3N<\/h2>\n<p>En caso de que nuestro cliente acepte el presupuesto emitido, el; \u00e1rea de operaciones le otorgara una cita o un d\u00eda espec\u00edfico para llevar a cabo el trabajo, otorgando los nombres del personal a intervenir. El d\u00eda, horario y condiciones de trabajo ser\u00e1 cumplido a pie de la letra, hasta finalizar a entera satisfacci\u00f3n de nuestro cliente[\/vc_column_text][\/vc_column][\/vc_row]<\/p>\n","protected":false},"excerpt":{"rendered":"<p>[vc_row css=&#8221;.vc_custom_1543354642564{margin-top: 80px !important;padding-top: 50px !important;}&#8221;][vc_column css=&#8221;.vc_custom_1543354591188{margin-top: 0px !important;margin-bottom: 0px !important;padding-top: 0px !important;padding-bottom: 0px !important;}&#8221;][vc_empty_space height=&#8221;95px&#8221; el_class=&#8221;hideondesktop&#8221;][section_header use_decoration=&#8221;0&#8243; main_heading=&#8221;Qui\u00e9nes Somos&#8221; text_align=&#8221;left&#8221; font_size=&#8221;custom&#8221; custom_font_size=&#8221;48&#8243; color=&#8221;#555555&#8243; css=&#8221;.vc_custom_1543354574405{margin-top: 0px !important;margin-bottom: 0px !important;padding-top: 0px !important;padding-bottom: 0px !important;}&#8221;][vc_column_text]Somos una empresa dedicada a la prestaci\u00f3n de servicios de Mantenimiento y Manejo de propiedades en los sectores: comerciales, corporativos, institucionales y residenciales.&hellip;<\/p>\n","protected":false},"author":1,"featured_media":0,"parent":0,"menu_order":0,"comment_status":"open","ping_status":"open","template":"","meta":[],"_links":{"self":[{"href":"https:\/\/urgehogar.com\/ni\/wp-json\/wp\/v2\/pages\/142"}],"collection":[{"href":"https:\/\/urgehogar.com\/ni\/wp-json\/wp\/v2\/pages"}],"about":[{"href":"https:\/\/urgehogar.com\/ni\/wp-json\/wp\/v2\/types\/page"}],"author":[{"embeddable":true,"href":"https:\/\/urgehogar.com\/ni\/wp-json\/wp\/v2\/users\/1"}],"replies":[{"embeddable":true,"href":"https:\/\/urgehogar.com\/ni\/wp-json\/wp\/v2\/comments?post=142"}],"version-history":[{"count":36,"href":"https:\/\/urgehogar.com\/ni\/wp-json\/wp\/v2\/pages\/142\/revisions"}],"predecessor-version":[{"id":1001284,"href":"https:\/\/urgehogar.com\/ni\/wp-json\/wp\/v2\/pages\/142\/revisions\/1001284"}],"wp:attachment":[{"href":"https:\/\/urgehogar.com\/ni\/wp-json\/wp\/v2\/media?parent=142"}],"curies":[{"name":"wp","href":"https:\/\/api.w.org\/{rel}","templated":true}]}}