{"id":1001129,"date":"2018-11-10T22:14:07","date_gmt":"2018-11-11T04:14:07","guid":{"rendered":"http:\/\/urgehogar.com\/cr\/?page_id=1001129"},"modified":"2022-06-17T10:01:11","modified_gmt":"2022-06-17T16:01:11","slug":"mantenimiento_de_piscinas","status":"publish","type":"page","link":"https:\/\/urgehogar.com\/ni\/mantenimiento_de_piscinas\/","title":{"rendered":"Mantenimiento de Piscinas"},"content":{"rendered":"<p>[vc_row el_id=&#8221;servmargin&#8221;][vc_column css=&#8221;.vc_custom_1541882035298{padding-top: 40px !important;padding-bottom: 20px !important;}&#8221;][vc_text_separator title=&#8221;Mantenimiento de Piscinas&#8221; style=&#8221;dotted&#8221; el_class=&#8221;.titleserrv&#8221;][\/vc_column][vc_column width=&#8221;1\/2&#8243;][vc_column_text]Se realizan las visitas peri\u00f3dicas necesarias para que su piscina siempre est\u00e9 en estado \u00f3ptimo, ya sea en verano como en invierno. Se hacen an\u00e1lisis de agua, y en funci\u00f3n de lo que indique el an\u00e1lisis realizado in situ, se realizar\u00e1n diferentes tareas.<\/p>\n<p>Peri\u00f3dicamente se anotar\u00e1n los datos correspondientes al estado del agua, los trabajos realizados y las incidencias que hayan podido producirse. Estos datos<\/p>\n<p>quedar\u00e1n anotados en las hojas de control.<\/p>\n<p>Trabajos para el mantenimiento de la piscina:<\/p>\n<ul>\n<li>Limpieza del fondo de la piscina.<\/li>\n<li>Limpieza de la superficie del agua de la piscina con red.<\/li>\n<li>Limpieza de las paredes de la piscina con cepillo.<\/li>\n<li>Limpieza de los *Skimmers de la piscina.<\/li>\n<li>Limpieza peri\u00f3dica del filtro de arena o de vidrio, para garantizar un filtrado correcto.<\/li>\n<li>Control de los niveles de *PH, Cloro y otros.<\/li>\n<li>Control del nivel del agua de la piscina, si las paredes est\u00e1n en perfecto estado.<\/li>\n<li>Aportaci\u00f3n de los productos necesarios para garantizar el estado \u00f3ptimo del agua.<\/li>\n<\/ul>\n<p>[\/vc_column_text][\/vc_column][vc_column width=&#8221;1\/2&#8243;][vc_row_inner][vc_column_inner width=&#8221;1\/2&#8243;][vc_single_image image=&#8221;1000743&#8243; img_size=&#8221;full&#8221;][\/vc_column_inner][vc_column_inner width=&#8221;1\/2&#8243;][vc_single_image image=&#8221;1000742&#8243; img_size=&#8221;full&#8221;][\/vc_column_inner][\/vc_row_inner][vc_row_inner css=&#8221;.vc_custom_1541902898562{margin-top: 0px !important;margin-right: 0px !important;margin-bottom: 25px !important;margin-left: 0px !important;padding-top: 25px !important;padding-right: 25px !important;padding-bottom: 25px !important;padding-left: 25px !important;background-color: #1e73be !important;border-radius: 10px !important;}&#8221;][vc_column_inner width=&#8221;1\/3&#8243;][vc_btn title=&#8221;Agenda tu Cita!&#8221; style=&#8221;classic&#8221; align=&#8221;center&#8221; button_block=&#8221;true&#8221; link=&#8221;url:http%3A%2F%2Furgehogar.com%2Fni%2Fagenda-tu-cita%2F|||&#8221; css=&#8221;.vc_custom_1543336921612{margin-top: 0px !important;margin-bottom: 0px !important;padding-top: 0px !important;padding-bottom: 0px !important;}&#8221;][\/vc_column_inner][vc_column_inner width=&#8221;2\/3&#8243; css=&#8221;.vc_custom_1541881866754{margin-bottom: 0px !important;}&#8221;][vc_column_text css=&#8221;.vc_custom_1543336938471{margin-top: 0px !important;margin-bottom: 0px !important;padding-top: 0px !important;padding-bottom: 0px !important;}&#8221;]<\/p>\n<div class=\"navigation-label\" style=\"text-align: center;\"><span style=\"color: #ffffff; font-size: 17px;\">\u00bfNecesita asistencia?<\/span><\/div>\n<div class=\"navigation-text\" style=\"text-align: center;\"><span style=\"color: #ffffff;\">+505 2278-0156 |\u00a0kmendez@urgehogar.com<\/span><\/div>\n<p>[\/vc_column_text][\/vc_column_inner][\/vc_row_inner][\/vc_column][\/vc_row][vc_row expanded=&#8221;1&#8243; css=&#8221;.vc_custom_1655480763422{margin-top: 0px !important;margin-right: 0px !important;margin-bottom: 0px !important;margin-left: 0px !important;padding-top: 0px !important;padding-right: 0px !important;padding-bottom: 0px !important;padding-left: 0px !important;}&#8221;][vc_column width=&#8221;1\/6&#8243; css=&#8221;.vc_custom_1541882779734{margin-top: 0px !important;margin-bottom: 0px !important;padding-top: 0px !important;padding-bottom: 0px !important;}&#8221;][vc_empty_space][\/vc_column][vc_column width=&#8221;2\/3&#8243; css=&#8221;.vc_custom_1655480882885{margin-top: 55px !important;margin-right: 5px !important;margin-bottom: 250px !important;margin-left: 5px !important;padding-top: 20px !important;padding-right: 10px !important;padding-bottom: 20px !important;padding-left: 10px !important;background-color: #adadad !important;border-radius: 10px !important;}&#8221;][vc_custom_heading text=&#8221;Conozca todos nuestros servicios&#8221; font_container=&#8221;tag:h5|font_size:22px|text_align:center|color:%23ffffff|line_height:22px&#8221; google_fonts=&#8221;font_family:Roboto%20Condensed%3A300%2C300italic%2Cregular%2Citalic%2C700%2C700italic|font_style:400%20regular%3A400%3Anormal&#8221; css=&#8221;.vc_custom_1541897491099{margin-top: 0px !important;margin-bottom: 0px !important;padding-top: 0px !important;padding-bottom: 0px !important;}&#8221;][vc_raw_html]JTNDZGl2JTIwaWQlM0QlMjJpbm5lci1zZXJ2JTIyJTIwY2xhc3MlM0QlMjJzZXJ2aWNpb3MtY29udGFpbmVyJTIyJTNFJTBBJTIwJTIwJTBBJTIwJTIwJTIwJTIwJTIwJTNDZGl2JTIwY2xhc3MlM0QlMjJzZXJ2LXVuaXElMjIlM0UlMEElMjAlMjAlMjAlMjAlMjAlMjAlMjAlMjAlM0NkaXYlMjBjbGFzcyUzRCUyMnNlcnYtaW1nJTIyJTNFJTBBJTNDYSUyMGhyZWYlM0QlMjJodHRwJTNBJTJGJTJGdXJnZWhvZ2FyLmNvbSUyRm5pJTJGZm9udGFuZXJpYSUyRiUyMiUzRSUwQSUyMCUyMCUyMCUyMCUyMCUyMCUyMCUyMCUyMCUyMCUyMCUyMCUzQ2ltZyUyMHNyYyUzRCUyMmh0dHAlM0ElMkYlMkZ1cmdlaG9nYXIuY29tJTJGbmklMkZ3cC1jb250ZW50JTJGdXBsb2FkcyUyRjIwMTglMkYxMCUyRmZvbnRhbmVyaWEucG5nJTIyJTNFJTNDJTJGZGl2JTNFJTBBJTIwJTIwJTIwJTIwJTIwJTIwJTIwJTIwJTNDZGl2JTIwY2xhc3MlM0QlMjJzZXJ2LXRpdGxlJTIyJTNFJTBBJTIwJTIwJTIwJTIwJTIwJTIwJTIwJTIwJTIwJTIwJTIwJTIwJTNDcCUzRUZvbnRhbmVyaWElM0MlMkZwJTNFJTNDJTJGYSUzRSUwQSUyMCUyMCUyMCUyMCUyMCUyMCUyMCUyMCUzQyUyRmRpdiUzRSUwQSUzQyUyRmRpdiUzRSUyMCUyMCUwQSUyMCUyMCUwQSUyMCUyMCUwQSUzQ2RpdiUyMGNsYXNzJTNEJTIyc2Vydi11bmlxJTIyJTNFJTBBJTIwJTIwJTIwJTIwJTIwJTIwJTIwJTIwJTNDZGl2JTIwY2xhc3MlM0QlMjJzZXJ2LWltZyUyMiUzRSUwQSUzQ2ElMjBocmVmJTNEJTIyaHR0cCUzQSUyRiUyRnVyZ2Vob2dhci5jb20lMkZuaSUyRmltcGVybWVhYmlsaXphY2lvbmVzJTJGJTIyJTNFJTBBJTIwJTIwJTIwJTIwJTIwJTIwJTIwJTIwJTIwJTIwJTIwJTIwJTNDaW1nJTIwc3JjJTNEJTIyaHR0cCUzQSUyRiUyRnVyZ2Vob2dhci5jb20lMkZuaSUyRndwLWNvbnRlbnQlMkZ1cGxvYWRzJTJGMjAxOCUyRjEwJTJGaW1wZXJtLnBuZyUyMiUzRSUzQyUyRmRpdiUzRSUwQSUyMCUyMCUyMCUyMCUyMCUyMCUyMCUyMCUzQ2RpdiUyMGNsYXNzJTNEJTIyc2Vydi10aXRsZSUyMiUzRSUwQSUyMCUyMCUyMCUyMCUyMCUyMCUyMCUyMCUyMCUyMCUyMCUyMCUzQ3AlM0VJbXBlcm1lYWJpbGl6YWNpb24lM0MlMkZwJTNFJTNDJTJGYSUzRSUwQSUyMCUyMCUyMCUyMCUyMCUyMCUyMCUyMCUzQyUyRmRpdiUzRSUwQSUzQyUyRmRpdiUzRSUwQSUyMCUyMCUwQSUyMCUyMCUwQSUyMCUyMCUwQSUzQ2RpdiUyMGNsYXNzJTNEJTIyc2Vydi11bmlxJTIyJTNFJTBBJTIwJTIwJTIwJTIwJTIwJTIwJTIwJTIwJTNDZGl2JTIwY2xhc3MlM0QlMjJzZXJ2LWltZyUyMiUzRSUwQSUzQ2ElMjBocmVmJTNEJTIyaHR0cCUzQSUyRiUyRnVyZ2Vob2dhci5jb20lMkZuaSUyRmd5cHN1bSUyRiUyMiUzRSUwQSUyMCUyMCUyMCUyMCUyMCUyMCUyMCUyMCUyMCUyMCUyMCUyMCUzQ2ltZyUyMHNyYyUzRCUyMmh0dHAlM0ElMkYlMkZ1cmdlaG9nYXIuY29tJTJGbmklMkZ3cC1jb250ZW50JTJGdXBsb2FkcyUyRjIwMTglMkYxMCUyRmd5cHN1bS5wbmclMjIlM0UlM0MlMkZkaXYlM0UlMEElMjAlMjAlMjAlMjAlMjAlMjAlMjAlMjAlM0NkaXYlMjBjbGFzcyUzRCUyMnNlcnYtdGl0bGUlMjIlM0UlMEElMjAlMjAlMjAlMjAlMjAlMjAlMjAlMjAlMjAlMjAlMjAlMjAlM0NwJTNFR3lwc3VtJTNDJTJGcCUzRSUzQyUyRmElM0UlMEElMjAlMjAlMjAlMjAlMjAlMjAlMjAlMjAlM0MlMkZkaXYlM0UlMEElM0MlMkZkaXYlM0UlMEElMjAlMjAlMEElMjAlMjAlM0NkaXYlMjBjbGFzcyUzRCUyMnNlcnYtdW5pcSUyMiUzRSUwQSUyMCUyMCUyMCUyMCUyMCUyMCUyMCUyMCUzQ2RpdiUyMGNsYXNzJTNEJTIyc2Vydi1pbWclMjIlM0UlMEElM0NhJTIwaHJlZiUzRCUyMmh0dHAlM0ElMkYlMkZ1cmdlaG9nYXIuY29tJTJGbmklMkZyZW1vZGVsYWNpb24tY2l2aWwlMkYlMjIlM0UlMEElMjAlMjAlMjAlMjAlMjAlMjAlMjAlMjAlMjAlMjAlMjAlMjAlM0NpbWclMjBzcmMlM0QlMjJodHRwJTNBJTJGJTJGdXJnZWhvZ2FyLmNvbSUyRm5pJTJGd3AtY29udGVudCUyRnVwbG9hZHMlMkYyMDE4JTJGMTAlMkZoYW5keW1hbi5wbmclMjIlM0UlM0MlMkZkaXYlM0UlMEElMjAlMjAlMjAlMjAlMjAlMjAlMjAlMjAlM0NkaXYlMjBjbGFzcyUzRCUyMnNlcnYtdGl0bGUlMjIlM0UlMEElMjAlMjAlMjAlMjAlMjAlMjAlMjAlMjAlMjAlMjAlMjAlMjAlM0NwJTNFUmVtb2RlbGFjaSVDMyVCM24lMjBDaXZpbCUzQyUyRnAlM0UlM0MlMkZhJTNFJTBBJTIwJTIwJTIwJTIwJTIwJTIwJTIwJTIwJTNDJTJGZGl2JTNFJTBBJTNDJTJGZGl2JTNFJTBBJTBBJTIwJTIwJTBBJTBBJTIwJTIwJTIwJTNDZGl2JTIwY2xhc3MlM0QlMjJzZXJ2LXVuaXElMjIlM0UlMEElMjAlMjAlMjAlMjAlMjAlMjAlMjAlMjAlM0NkaXYlMjBjbGFzcyUzRCUyMnNlcnYtaW1nJTIyJTNFJTBBJTNDYSUyMGhyZWYlM0QlMjJodHRwJTNBJTJGJTJGdXJnZWhvZ2FyLmNvbSUyRm5pJTJGZWxlY3RyaWNpZGFkJTJGJTIyJTNFJTBBJTIwJTIwJTIwJTIwJTIwJTIwJTIwJTIwJTIwJTIwJTIwJTIwJTNDaW1nJTIwc3JjJTNEJTIyaHR0cCUzQSUyRiUyRnVyZ2Vob2dhci5jb20lMkZuaSUyRndwLWNvbnRlbnQlMkZ1cGxvYWRzJTJGMjAxOCUyRjEwJTJGYnVqaWEucG5nJTIyJTNFJTNDJTJGZGl2JTNFJTBBJTIwJTIwJTIwJTIwJTIwJTIwJTIwJTIwJTNDZGl2JTIwY2xhc3MlM0QlMjJzZXJ2LXRpdGxlJTIyJTNFJTBBJTIwJTIwJTIwJTIwJTIwJTIwJTIwJTIwJTIwJTIwJTIwJTIwJTNDcCUzRUVsZWN0cmljaWRhZCUzQyUyRnAlM0UlM0MlMkZhJTNFJTBBJTIwJTIwJTIwJTIwJTIwJTIwJTIwJTIwJTNDJTJGZGl2JTNFJTBBJTNDJTJGZGl2JTNFJTIwJTIwJTBBJTIwJTIwJTBBJTIwJTIwJTBBJTIwJTIwJTIwJTNDZGl2JTIwY2xhc3MlM0QlMjJzZXJ2LXVuaXElMjIlM0UlMEElMjAlMjAlMjAlMjAlMjAlMjAlMjAlMjAlM0NkaXYlMjBjbGFzcyUzRCUyMnNlcnYtaW1nJTIyJTNFJTBBJTNDYSUyMGhyZWYlM0QlMjJodHRwJTNBJTJGJTJGdXJnZWhvZ2FyLmNvbSUyRm5pJTJGamFyZGluZXJpYS04JTJGJTIyJTNFJTBBJTIwJTIwJTIwJTIwJTIwJTIwJTIwJTIwJTIwJTIwJTIwJTIwJTNDaW1nJTIwc3JjJTNEJTIyaHR0cCUzQSUyRiUyRnVyZ2Vob2dhci5jb20lMkZuaSUyRndwLWNvbnRlbnQlMkZ1cGxvYWRzJTJGMjAxOCUyRjEwJTJGamFyZGluZXJpYS5wbmclMjIlM0UlM0MlMkZkaXYlM0UlMEElMjAlMjAlMjAlMjAlMjAlMjAlMjAlMjAlM0NkaXYlMjBjbGFzcyUzRCUyMnNlcnYtdGl0bGUlMjIlM0UlMEElMjAlMjAlMjAlMjAlMjAlMjAlMjAlMjAlMjAlMjAlMjAlMjAlM0NwJTNFSmFyZGluZXJpYSUzQyUyRnAlM0UlM0MlMkZhJTNFJTBBJTIwJTIwJTIwJTIwJTIwJTIwJTIwJTIwJTNDJTJGZGl2JTNFJTBBJTNDJTJGZGl2JTNFJTBBJTIwJTIwJTBBJTIwJTIwJTBBJTIwJTIwJTIwJTIwJTIwJTNDZGl2JTIwY2xhc3MlM0QlMjJzZXJ2LXVuaXElMjIlM0UlMEElMjAlMjAlMjAlMjAlMjAlMjAlMjAlMjAlM0NkaXYlMjBjbGFzcyUzRCUyMnNlcnYtaW1nJTIyJTNFJTBBJTNDYSUyMGhyZWYlM0QlMjJodHRwJTNBJTJGJTJGdXJnZWhvZ2FyLmNvbSUyRm5pJTJGbWFudGVuaW1pZW50b19kZV9waXNjaW5hcyUyRiUyMiUzRSUwQSUyMCUyMCUyMCUyMCUyMCUyMCUyMCUyMCUyMCUyMCUyMCUyMCUzQ2ltZyUyMHNyYyUzRCUyMmh0dHAlM0ElMkYlMkZ1cmdlaG9nYXIuY29tJTJGbmklMkZ3cC1jb250ZW50JTJGdXBsb2FkcyUyRjIwMTglMkYxMCUyRnBpc2NpbmEucG5nJTIyJTNFJTNDJTJGZGl2JTNFJTBBJTIwJTIwJTIwJTIwJTIwJTIwJTIwJTIwJTNDZGl2JTIwY2xhc3MlM0QlMjJzZXJ2LXRpdGxlJTIyJTNFJTBBJTIwJTIwJTIwJTIwJTIwJTIwJTIwJTIwJTIwJTIwJTIwJTIwJTNDcCUzRU1hbnRvLiUyMFBpc2NpbmFzJTNDJTJGcCUzRSUzQyUyRmElM0UlMEElMjAlMjAlMjAlMjAlMjAlMjAlMjAlMjAlM0MlMkZkaXYlM0UlMEElM0MlMkZkaXYlM0UlMEElMjAlMjAlMEElMjAlMjAlMEElMjAlMjAlMjAlM0NkaXYlMjBjbGFzcyUzRCUyMnNlcnYtdW5pcSUyMiUzRSUwQSUyMCUyMCUyMCUyMCUyMCUyMCUyMCUyMCUzQ2RpdiUyMGNsYXNzJTNEJTIyc2Vydi1pbWclMjIlM0UlMEElM0NhJTIwaHJlZiUzRCUyMmh0dHAlM0ElMkYlMkZ1cmdlaG9nYXIuY29tJTJGbmklMkZwcm9wZXJ0eS1tYW5hZ2VtZW50JTJGJTIyJTNFJTBBJTIwJTIwJTIwJTIwJTIwJTIwJTIwJTIwJTIwJTIwJTIwJTIwJTNDaW1nJTIwc3JjJTNEJTIyaHR0cCUzQSUyRiUyRnVyZ2Vob2dhci5jb20lMkZjciUyRndwLWNvbnRlbnQlMkZ1cGxvYWRzJTJGMjAxOCUyRjEwJTJGaG91c2UucG5nJTIyJTNFJTNDJTJGZGl2JTNFJTBBJTIwJTIwJTIwJTIwJTIwJTIwJTIwJTIwJTNDZGl2JTIwY2xhc3MlM0QlMjJzZXJ2LXRpdGxlJTIyJTNFJTBBJTIwJTIwJTIwJTIwJTIwJTIwJTIwJTIwJTIwJTIwJTIwJTIwJTNDcCUzRVByb3BlcnR5JTIwTWFuYWdlbWVudCUzQyUyRnAlM0UlM0MlMkZhJTNFJTBBJTIwJTIwJTIwJTIwJTIwJTIwJTIwJTIwJTNDJTJGZGl2JTNFJTBBJTNDJTJGZGl2JTNFJTBBJTIwJTIwJTBBJTIwJTIwJTBBJTIwJTIwJTBBJTIwJTIwJTBBJTNDZGl2JTIwY2xhc3MlM0QlMjJzZXJ2LXVuaXElMjIlM0UlMEElMjAlMjAlMjAlMjAlMjAlMjAlMjAlMjAlM0NkaXYlMjBjbGFzcyUzRCUyMnNlcnYtaW1nJTIyJTNFJTBBJTNDYSUyMGhyZWYlM0QlMjJodHRwJTNBJTJGJTJGdXJnZWhvZ2FyLmNvbSUyRm5pJTJGaGFuZHltYW4tMiUyRiUyMiUzRSUwQSUyMCUyMCUyMCUyMCUyMCUyMCUyMCUyMCUyMCUyMCUyMCUyMCUzQ2ltZyUyMHNyYyUzRCUyMmh0dHAlM0ElMkYlMkZ1cmdlaG9nYXIuY29tJTJGbmklMkZ3cC1jb250ZW50JTJGdXBsb2FkcyUyRjIwMTglMkYxMCUyRmhkeS5wbmclMjIlM0UlM0MlMkZkaXYlM0UlMEElMjAlMjAlMjAlMjAlMjAlMjAlMjAlMjAlM0NkaXYlMjBjbGFzcyUzRCUyMnNlcnYtdGl0bGUlMjIlM0UlMEElMjAlMjAlMjAlMjAlMjAlMjAlMjAlMjAlMjAlMjAlMjAlMjAlM0NwJTNFSGFuZHltYW4lM0MlMkZwJTNFJTNDJTJGYSUzRSUwQSUyMCUyMCUyMCUyMCUyMCUyMCUyMCUyMCUzQyUyRmRpdiUzRSUwQSUzQyUyRmRpdiUzRSUwQSUwQSUyMCUyMCUwQSUyMCUyMCUzQ2RpdiUyMGNsYXNzJTNEJTIyc2Vydi11bmlxJTIyJTNFJTBBJTIwJTIwJTIwJTIwJTIwJTIwJTIwJTIwJTNDZGl2JTIwY2xhc3MlM0QlMjJzZXJ2LWltZyUyMiUzRSUwQSUzQ2ElMjBocmVmJTNEJTIyaHR0cCUzQSUyRiUyRnVyZ2Vob2dhci5jb20lMkZuaSUyRmxpbXBpZXphc19wcm9mdW5kYXMlMkYlMjIlM0UlMEElMjAlMjAlMjAlMjAlMjAlMjAlMjAlMjAlMjAlMjAlMjAlMjAlM0NpbWclMjBzcmMlM0QlMjJodHRwJTNBJTJGJTJGdXJnZWhvZ2FyLmNvbSUyRm5pJTJGd3AtY29udGVudCUyRnVwbG9hZHMlMkYyMDE4JTJGMTAlMkZsaW1waWV6YXByb2Z1bmRhLnBuZyUyMiUzRSUzQyUyRmRpdiUzRSUwQSUyMCUyMCUyMCUyMCUyMCUyMCUyMCUyMCUzQ2RpdiUyMGNsYXNzJTNEJTIyc2Vydi10aXRsZSUyMiUzRSUwQSUyMCUyMCUyMCUyMCUyMCUyMCUyMCUyMCUyMCUyMCUyMCUyMCUzQ3AlM0VMaW1waWV6YSUyMFByb2Z1bmRhJTNDJTJGcCUzRSUzQyUyRmElM0UlMEElMjAlMjAlMjAlMjAlMjAlMjAlMjAlMjAlM0MlMkZkaXYlM0UlMEElM0MlMkZkaXYlM0UlMEElMEElMjAlMjAlM0NkaXYlMjBjbGFzcyUzRCUyMnNlcnYtdW5pcSUyMiUzRSUwQSUyMCUyMCUyMCUyMCUyMCUyMCUyMCUyMCUzQ2RpdiUyMGNsYXNzJTNEJTIyc2Vydi1pbWclMjIlM0UlMEElM0NhJTIwaHJlZiUzRCUyMmh0dHAlM0ElMkYlMkZ1cmdlaG9nYXIuY29tJTJGbmklMkZmdW1pZ2FjaW9uJTJGJTIyJTNFJTBBJTIwJTIwJTIwJTIwJTIwJTIwJTIwJTIwJTIwJTIwJTIwJTIwJTNDaW1nJTIwc3JjJTNEJTIyaHR0cCUzQSUyRiUyRnVyZ2Vob2dhci5jb20lMkZuaSUyRndwLWNvbnRlbnQlMkZ1cGxvYWRzJTJGMjAxOCUyRjEwJTJGZnVtaWdhY2lvbi5wbmclMjIlM0UlM0MlMkZkaXYlM0UlMEElMjAlMjAlMjAlMjAlMjAlMjAlMjAlMjAlM0NkaXYlMjBjbGFzcyUzRCUyMnNlcnYtdGl0bGUlMjIlM0UlMEElMjAlMjAlMjAlMjAlMjAlMjAlMjAlMjAlMjAlMjAlMjAlMjAlM0NwJTNFRnVtaWdhY2klQzMlQjNuJTNDJTJGcCUzRSUzQyUyRmElM0UlMEElMjAlMjAlMjAlMjAlMjAlMjAlMjAlMjAlM0MlMkZkaXYlM0UlMEElM0MlMkZkaXYlM0UlMEElMEElMjAlMjAlM0NkaXYlMjBjbGFzcyUzRCUyMnNlcnYtdW5pcSUyMiUzRSUwQSUyMCUyMCUyMCUyMCUyMCUyMCUyMCUyMCUzQ2RpdiUyMGNsYXNzJTNEJTIyc2Vydi1pbWclMjIlM0UlMEElM0NhJTIwaHJlZiUzRCUyMmh0dHBzJTNBJTJGJTJGdXJnZWhvZ2FyLmNvbSUyRm5pJTJGY29uc3RydWNjaW9uX2RlX3Bpc2NpbmFzJTJGJTIyJTNFJTBBJTIwJTIwJTIwJTIwJTIwJTIwJTIwJTIwJTIwJTIwJTIwJTIwJTNDaW1nJTIwc3JjJTNEJTIyaHR0cCUzQSUyRiUyRnVyZ2Vob2dhci5jb20lMkZuaSUyRndwLWNvbnRlbnQlMkZ1cGxvYWRzJTJGMjAyMiUyRjA2JTJGQXNzZXQtMWljb25vcy1VSC5wbmclMjIlM0UlM0MlMkZkaXYlM0UlMEElMjAlMjAlMjAlMjAlMjAlMjAlMjAlMjAlM0NkaXYlMjBjbGFzcyUzRCUyMnNlcnYtdGl0bGUlMjIlM0UlMEElMjAlMjAlMjAlMjAlMjAlMjAlMjAlMjAlMjAlMjAlMjAlMjAlM0NwJTNFQ29uc3RydWNjaSVDMyVCM24lMjBkZSUyMFBpc2NpbmFzJTNDJTJGcCUzRSUzQyUyRmElM0UlMEElMjAlMjAlMjAlMjAlMjAlMjAlMjAlMjAlM0MlMkZkaXYlM0UlMEElM0MlMkZkaXYlM0UlMEElMEElMEElMEElMjAlMjAlMjAlM0NkaXYlMjBjbGFzcyUzRCUyMnNlcnYtdW5pcSUyMiUzRSUwQSUyMCUyMCUyMCUyMCUyMCUyMCUyMCUyMCUzQ2RpdiUyMGNsYXNzJTNEJTIyc2Vydi1pbWclMjIlM0UlMEElM0NhJTIwaHJlZiUzRCUyMmh0dHAlM0ElMkYlMkZ1cmdlaG9nYXIuY29tJTJGbmklMkZhbGJhbmlsZXJpYSUyRiUyMiUzRSUwQSUyMCUyMCUyMCUyMCUyMCUyMCUyMCUyMCUyMCUyMCUyMCUyMCUzQ2ltZyUyMHNyYyUzRCUyMmh0dHAlM0ElMkYlMkZ1cmdlaG9nYXIuY29tJTJGbmklMkZ3cC1jb250ZW50JTJGdXBsb2FkcyUyRjIwMTglMkYxMCUyRmFsYmFuaWxlcmlhLnBuZyUyMiUzRSUzQyUyRmRpdiUzRSUwQSUyMCUyMCUyMCUyMCUyMCUyMCUyMCUyMCUzQ2RpdiUyMGNsYXNzJTNEJTIyc2Vydi10aXRsZSUyMiUzRSUwQSUyMCUyMCUyMCUyMCUyMCUyMCUyMCUyMCUyMCUyMCUyMCUyMCUzQ3AlM0VBbGJhJUMzJUIxaWxlcmlhJTNDJTJGcCUzRSUzQyUyRmElM0UlMEElMjAlMjAlMjAlMjAlMjAlMjAlMjAlMjAlM0MlMkZkaXYlM0UlMEElM0MlMkZkaXYlM0UlMjAlMjAlMEElM0MlMkZkaXYlM0UlMEElM0MlMkZkaXYlM0UlMEElMEElMEE=[\/vc_raw_html][\/vc_column][vc_column width=&#8221;1\/6&#8243;][vc_empty_space][\/vc_column][\/vc_row]<\/p>\n","protected":false},"excerpt":{"rendered":"<p>[vc_row el_id=&#8221;servmargin&#8221;][vc_column css=&#8221;.vc_custom_1541882035298{padding-top: 40px !important;padding-bottom: 20px !important;}&#8221;][vc_text_separator title=&#8221;Mantenimiento de Piscinas&#8221; style=&#8221;dotted&#8221; el_class=&#8221;.titleserrv&#8221;][\/vc_column][vc_column width=&#8221;1\/2&#8243;][vc_column_text]Se realizan las visitas peri\u00f3dicas necesarias para que su piscina siempre est\u00e9 en estado \u00f3ptimo, ya sea en verano como en invierno. Se hacen an\u00e1lisis de agua, y en funci\u00f3n de lo que indique el an\u00e1lisis realizado in situ, se realizar\u00e1n diferentes tareas.&hellip;<\/p>\n","protected":false},"author":1,"featured_media":0,"parent":0,"menu_order":0,"comment_status":"closed","ping_status":"closed","template":"","meta":[],"_links":{"self":[{"href":"https:\/\/urgehogar.com\/ni\/wp-json\/wp\/v2\/pages\/1001129"}],"collection":[{"href":"https:\/\/urgehogar.com\/ni\/wp-json\/wp\/v2\/pages"}],"about":[{"href":"https:\/\/urgehogar.com\/ni\/wp-json\/wp\/v2\/types\/page"}],"author":[{"embeddable":true,"href":"https:\/\/urgehogar.com\/ni\/wp-json\/wp\/v2\/users\/1"}],"replies":[{"embeddable":true,"href":"https:\/\/urgehogar.com\/ni\/wp-json\/wp\/v2\/comments?post=1001129"}],"version-history":[{"count":7,"href":"https:\/\/urgehogar.com\/ni\/wp-json\/wp\/v2\/pages\/1001129\/revisions"}],"predecessor-version":[{"id":1001340,"href":"https:\/\/urgehogar.com\/ni\/wp-json\/wp\/v2\/pages\/1001129\/revisions\/1001340"}],"wp:attachment":[{"href":"https:\/\/urgehogar.com\/ni\/wp-json\/wp\/v2\/media?parent=1001129"}],"curies":[{"name":"wp","href":"https:\/\/api.w.org\/{rel}","templated":true}]}}