{"id":17,"date":"2014-10-24T03:25:43","date_gmt":"2014-10-24T03:25:43","guid":{"rendered":"http:\/\/cleanco-demo.detheme.com\/?page_id=17"},"modified":"2022-06-01T12:34:37","modified_gmt":"2022-06-01T18:34:37","slug":"home-3","status":"publish","type":"page","link":"https:\/\/urgehogar.com\/cr\/","title":{"rendered":"Home"},"content":{"rendered":"<p>[vc_row expanded=&#8221;1&#8243; css=&#8221;.vc_custom_1514343432686{margin-top: -180px !important;margin-bottom: 0px !important;}&#8221; el_class=&#8221;slide&#8221; el_id=&#8221;rev-slider&#8221;][vc_column el_class=&#8221;rev-slider-home&#8221;][rev_slider_vc alias=&#8221;slide-home02&#8243;][\/vc_column][\/vc_row][vc_row expanded=&#8221;1&#8243; css=&#8221;.vc_custom_1538772809658{padding-top: 20px !important;padding-bottom: 20px !important;background-color: #0066b3 !important;}&#8221;][vc_column css=&#8221;.vc_custom_1541085198950{padding-bottom: 15px !important;}&#8221;][vc_row_inner][vc_column_inner][vc_column_text css=&#8221;.vc_custom_1541107705794{margin-top: 0px !important;margin-right: 0px !important;margin-bottom: 0px !important;margin-left: 0px !important;padding-top: 0px !important;padding-right: 0px !important;padding-bottom: 10px !important;padding-left: 0px !important;}&#8221;]<\/p>\n<h2 style=\"text-align: center; font-size: 24px;\"><span style=\"color: #ffffff;\">NUESTROS SERVICIOS<\/span><\/h2>\n<p>[\/vc_column_text][vc_raw_html]JTNDZGl2JTIwY2xhc3MlM0QlMjJzZXJ2LWNvbnRhaW5lcjIwMjIlMjIlM0UlMEElMEElMEElMjAlMjAlMEElMEElMEElMEElMEElM0NkaXYlMjBjbGFzcyUzRCUyMnNlcnYtdW5pcWhvbWUlMjIlM0UlMEElMjAlMjAlMjAlMjAlMjAlMjAlMjAlMjAlM0NkaXYlMjBjbGFzcyUzRCUyMnNlcnYtaW1nJTIyJTNFJTBBJTNDYSUyMGhyZWYlM0QlMjJodHRwJTNBJTJGJTJGdXJnZWhvZ2FyLmNvbSUyRmNyJTJGaGFuZHltYW4tMiUyRiUyMiUzRSUwQSUyMCUyMCUyMCUyMCUyMCUyMCUyMCUyMCUyMCUyMCUyMCUyMCUzQ2ltZyUyMHNyYyUzRCUyMmh0dHAlM0ElMkYlMkZ1cmdlaG9nYXIuY29tJTJGY3IlMkZ3cC1jb250ZW50JTJGdXBsb2FkcyUyRjIwMTglMkYxMCUyRmhkeS5wbmclMjIlM0UlM0MlMkZkaXYlM0UlMEElMjAlMjAlMjAlMjAlMjAlMjAlMjAlMjAlM0NkaXYlMjBjbGFzcyUzRCUyMnNlcnYtdGl0bGUlMjIlM0UlMEElMjAlMjAlMjAlMjAlMjAlMjAlMjAlMjAlMjAlMjAlMjAlMjAlM0NwJTNFSGFuZHltYW4lM0MlMkZwJTNFJTNDJTJGYSUzRSUwQSUyMCUyMCUyMCUyMCUyMCUyMCUyMCUyMCUzQyUyRmRpdiUzRSUwQSUzQyUyRmRpdiUzRSUwQSUwQSUwQSUwQSUwQSUwQSUwQSUyMCUyMCUyMCUzQ2RpdiUyMGNsYXNzJTNEJTIyc2Vydi11bmlxaG9tZSUyMiUzRSUwQSUyMCUyMCUyMCUyMCUyMCUyMCUyMCUyMCUzQ2RpdiUyMGNsYXNzJTNEJTIyc2Vydi1pbWclMjIlM0UlMEElM0NhJTIwaHJlZiUzRCUyMmh0dHAlM0ElMkYlMkZ1cmdlaG9nYXIuY29tJTJGY3IlMkZsaW1waWV6YXNfcHJvZnVuZGFzJTJGJTIyJTNFJTBBJTIwJTIwJTIwJTIwJTIwJTIwJTIwJTIwJTIwJTIwJTIwJTIwJTNDaW1nJTIwc3JjJTNEJTIyaHR0cCUzQSUyRiUyRnVyZ2Vob2dhci5jb20lMkZjciUyRndwLWNvbnRlbnQlMkZ1cGxvYWRzJTJGMjAxOCUyRjEwJTJGbGltcGllemFwcm9mdW5kYS5wbmclMjIlM0UlM0MlMkZkaXYlM0UlMEElMjAlMjAlMjAlMjAlMjAlMjAlMjAlMjAlM0NkaXYlMjBjbGFzcyUzRCUyMnNlcnYtdGl0bGUlMjIlM0UlMEElMjAlMjAlMjAlMjAlMjAlMjAlMjAlMjAlMjAlMjAlMjAlMjAlM0NwJTNFTGltcGllemElMjBQcm9mdW5kYSUyMGRlJTIwTXVlYmxlcyUzQyUyRnAlM0UlM0MlMkZhJTNFJTBBJTIwJTIwJTIwJTIwJTIwJTIwJTIwJTIwJTNDJTJGZGl2JTNFJTBBJTBBJTNDJTJGZGl2JTNFJTBBJTIwJTIwJTIwJTNDZGl2JTIwY2xhc3MlM0QlMjJzZXJ2LXVuaXFob21lJTIyJTNFJTBBJTIwJTIwJTIwJTIwJTIwJTIwJTIwJTIwJTNDZGl2JTIwY2xhc3MlM0QlMjJzZXJ2LWltZyUyMiUzRSUwQSUzQ2ElMjBocmVmJTNEJTIyaHR0cCUzQSUyRiUyRnVyZ2Vob2dhci5jb20lMkZjciUyRm1hbnRlbmltaWVudG9fZGVfcGlzY2luYXMlMkYlMjIlM0UlMEElMjAlMjAlMjAlMjAlMjAlMjAlMjAlMjAlMjAlMjAlMjAlMjAlM0NpbWclMjBzcmMlM0QlMjJodHRwJTNBJTJGJTJGdXJnZWhvZ2FyLmNvbSUyRmNyJTJGd3AtY29udGVudCUyRnVwbG9hZHMlMkYyMDE4JTJGMTAlMkZwaXNjaW5hLnBuZyUyMiUzRSUzQyUyRmRpdiUzRSUwQSUyMCUyMCUyMCUyMCUyMCUyMCUyMCUyMCUzQ2RpdiUyMGNsYXNzJTNEJTIyc2Vydi10aXRsZSUyMiUzRSUwQSUyMCUyMCUyMCUyMCUyMCUyMCUyMCUyMCUyMCUyMCUyMCUyMCUzQ3AlM0VNYW50by4lMjBQaXNjaW5hcyUzQyUyRnAlM0UlM0MlMkZhJTNFJTBBJTIwJTIwJTIwJTIwJTIwJTIwJTIwJTIwJTNDJTJGZGl2JTNFJTBBJTNDJTJGZGl2JTNFJTBBJTBBJTNDZGl2JTIwY2xhc3MlM0QlMjJzZXJ2LXVuaXFob21lJTIyJTNFJTBBJTIwJTIwJTIwJTIwJTIwJTIwJTIwJTIwJTNDZGl2JTIwY2xhc3MlM0QlMjJzZXJ2LWltZyUyMiUzRSUwQSUzQ2ElMjBocmVmJTNEJTIyaHR0cCUzQSUyRiUyRnVyZ2Vob2dhci5jb20lMkZjciUyRmNvbnN0cnVjY2lvbl9kZV9waXNjaW5hcyUyRiUyMiUzRSUwQSUyMCUyMCUyMCUyMCUyMCUyMCUyMCUyMCUyMCUyMCUyMCUyMCUzQ2ltZyUyMHNyYyUzRCUyMmh0dHAlM0ElMkYlMkZ1cmdlaG9nYXIuY29tJTJGY3IlMkZ3cC1jb250ZW50JTJGdXBsb2FkcyUyRjIwMjIlMkYwNSUyRkFzc2V0LTFpY29ub3MtVUgtMS5wbmclMjIlM0UlM0MlMkZkaXYlM0UlMEElMjAlMjAlMjAlMjAlMjAlMjAlMjAlMjAlM0NkaXYlMjBjbGFzcyUzRCUyMnNlcnYtdGl0bGUlMjIlM0UlMEElMjAlMjAlMjAlMjAlMjAlMjAlMjAlMjAlMjAlMjAlMjAlMjAlM0NwJTNFQ29uc3RydWNjaSVDMyVCM24lMjBkZSUyMFBpc2NpbmFzJTNDJTJGcCUzRSUzQyUyRmElM0UlMEElMjAlMjAlMjAlMjAlMjAlMjAlMjAlMjAlM0MlMkZkaXYlM0UlMEElM0MlMkZkaXYlM0UlMEElMEElMEElM0NkaXYlMjBjbGFzcyUzRCUyMnNlcnYtdW5pcWhvbWUlMjIlM0UlMEElMjAlMjAlMjAlMjAlMjAlMjAlMjAlMjAlM0NkaXYlMjBjbGFzcyUzRCUyMnNlcnYtaW1nJTIyJTNFJTBBJTNDYSUyMGhyZWYlM0QlMjJodHRwJTNBJTJGJTJGdXJnZWhvZ2FyLmNvbSUyRmNyJTJGb2JyYXNfY2l2aWxlcyUyRiUyMiUzRSUwQSUyMCUyMCUyMCUyMCUyMCUyMCUyMCUyMCUyMCUyMCUyMCUyMCUzQ2ltZyUyMHNyYyUzRCUyMmh0dHAlM0ElMkYlMkZ1cmdlaG9nYXIuY29tJTJGY3IlMkZ3cC1jb250ZW50JTJGdXBsb2FkcyUyRjIwMjIlMkYwNSUyRkFzc2V0LTJpY29ub3MtVUgucG5nJTIyJTNFJTNDJTJGZGl2JTNFJTBBJTIwJTIwJTIwJTIwJTIwJTIwJTIwJTIwJTNDZGl2JTIwY2xhc3MlM0QlMjJzZXJ2LXRpdGxlJTIyJTNFJTBBJTIwJTIwJTIwJTIwJTIwJTIwJTIwJTIwJTIwJTIwJTIwJTIwJTNDcCUzRU9icmFzJTIwQ2l2aWxlcyUzQyUyRnAlM0UlM0MlMkZhJTNFJTBBJTIwJTIwJTIwJTIwJTIwJTIwJTIwJTIwJTNDJTJGZGl2JTNFJTBBJTNDJTJGZGl2JTNFJTBBJTBBJTNDJTJGZGl2JTNFJTBBJTBBJTBB[\/vc_raw_html][\/vc_column_inner][\/vc_row_inner][\/vc_column][\/vc_row][vc_row expanded=&#8221;2&#8243; css=&#8221;.vc_custom_1540848451547{padding-top: 100px !important;padding-bottom: 100px !important;}&#8221; el_class=&#8221;row-welcome&#8221;][vc_column][vc_column_text css=&#8221;.vc_custom_1540933987709{margin-bottom: 0px !important;padding-bottom: 0px !important;}&#8221;]<\/p>\n<h1 style=\"font-size: 22px; color: #16bae1; text-align: center; margin-bottom: 0px; line-height: 8px;\">Bienvenidos a UrgeHogar<\/h1>\n<h2 style=\"font-size: 48px; text-align: center;\">\u00a1L\u00cdDERES EN SOLUCIONES!<\/h2>\n<p>[\/vc_column_text][vc_column_text css=&#8221;.vc_custom_1542644739569{margin-bottom: 60px !important;}&#8221;]<\/p>\n<p style=\"text-align: center; font-size: 16px; line-height: 26px;\">Somos una empresa dedicada a la prestaci\u00f3n de servicios de Mantenimiento y Manejo de propiedades en los sectores: Comerciales, corporativos, institucionales y residenciales. La Estructura de supervisi\u00f3n de nuestra empresa est\u00e1 cubierta por especialista en cada una de las \u00e1reas de Servicio.<\/p>\n<p>[\/vc_column_text][\/vc_column][vc_column width=&#8221;1\/3&#8243;][\/vc_column][vc_column width=&#8221;1\/3&#8243;][vc_btn title=&#8221;Agendar Cita&#8221; align=&#8221;center&#8221; link=&#8221;url:http%3A%2F%2Furgehogar.com%2Fcr%2Fagenda-tu-cita%2F|title:Agenda%20tu%20cita||&#8221;][\/vc_column][vc_column width=&#8221;1\/3&#8243;][\/vc_column][\/vc_row][vc_row expanded=&#8221;2&#8243; background_style=&#8221;fixed&#8221; css=&#8221;.vc_custom_1540958720042{padding-top: 80px !important;padding-bottom: 80px !important;}&#8221; background_image=&#8221;1000623&#8243; el_id=&#8221;container-chooseus&#8221;][vc_column width=&#8221;1\/2&#8243;][section_header use_decoration=&#8221;0&#8243; main_heading=&#8221;\u00bfPor qu\u00e9 escogernos?&#8221; text_align=&#8221;left&#8221; font_size=&#8221;custom&#8221; custom_font_size=&#8221;38px&#8221; color=&#8221;#555555&#8243;][vc_column_text]Trabajar con una estructura operativa s\u00f3lida le permitir\u00e1 delegar sus problemas en manos de los especialistas, ofreciendo soluciones certeras y eficientes que le ahorren: Tiempo, Molestias, dinero y responsabilidad.<\/p>\n<p>Somos una empresa multiservicios que facilita a nuestros clientes trabajar con un solo proveedor que pueda darle soluci\u00f3n a sus problemas, delegando responsabilidad absoluta a los profesionales de nuestra compa\u00f1\u00eda.<\/p>\n<p>Brindamos un acompa\u00f1amiento constante a nuestros clientes que permitir\u00e1 una certera toma de decisiones sin poner en riesgo su tiempo y dinero, poniendo a su disposici\u00f3n toda nuestra estructura administrativa y operativa para realizar los asesoramientos que requiera. Entre los profesionales que intervienen en nuestra empresa se encuentran:<\/p>\n<p>&nbsp;<\/p>\n<div id=\"coll1\">\n<ul>\n<li>Abogados<\/li>\n<li>Administradores<\/li>\n<li>Arquitectos<\/li>\n<li>Contadores<\/li>\n<\/ul>\n<\/div>\n<div id=\"coll2\">\n<ul>\n<li>Ing. Agr\u00f3nomos<\/li>\n<li>Ing. Civiles<\/li>\n<li>Ing. El\u00e9ctricos<\/li>\n<\/ul>\n<\/div>\n<p>[\/vc_column_text][\/vc_column][vc_column width=&#8221;1\/2&#8243;][\/vc_column][\/vc_row][vc_row expanded=&#8221;2&#8243; css=&#8221;.vc_custom_1540840256541{margin-top: 0px !important;margin-bottom: 0px !important;padding-top: 0px !important;padding-bottom: 0px !important;}&#8221;][vc_column css=&#8221;.vc_custom_1540840239488{margin: 0px !important;padding: 0px !important;}&#8221;][section_header use_decoration=&#8221;0&#8243; main_heading=&#8221;Clientes Satisfechos&#8221; font_size=&#8221;custom&#8221; custom_font_size=&#8221;28&#8243; color=&#8221;#555555&#8243; css=&#8221;.vc_custom_1540840227406{margin-top: 0px !important;margin-right: 0px !important;margin-bottom: 0px !important;margin-left: 0px !important;padding-top: 0px !important;padding-right: 0px !important;padding-bottom: 0px !important;padding-left: 0px !important;}&#8221;][\/vc_column][\/vc_row][vc_row expanded=&#8221;1&#8243;][vc_column][\/vc_column][\/vc_row]<\/p>\n","protected":false},"excerpt":{"rendered":"<p>[vc_row expanded=&#8221;1&#8243; css=&#8221;.vc_custom_1514343432686{margin-top: -180px !important;margin-bottom: 0px !important;}&#8221; el_class=&#8221;slide&#8221; el_id=&#8221;rev-slider&#8221;][vc_column el_class=&#8221;rev-slider-home&#8221;][rev_slider_vc alias=&#8221;slide-home02&#8243;][\/vc_column][\/vc_row][vc_row expanded=&#8221;1&#8243; css=&#8221;.vc_custom_1538772809658{padding-top: 20px !important;padding-bottom: 20px !important;background-color: #0066b3 !important;}&#8221;][vc_column css=&#8221;.vc_custom_1541085198950{padding-bottom: 15px !important;}&#8221;][vc_row_inner][vc_column_inner][vc_column_text css=&#8221;.vc_custom_1541107705794{margin-top: 0px !important;margin-right: 0px !important;margin-bottom: 0px !important;margin-left: 0px !important;padding-top: 0px !important;padding-right: 0px !important;padding-bottom: 10px !important;padding-left: 0px !important;}&#8221;] NUESTROS SERVICIOS [\/vc_column_text][vc_raw_html]JTNDZGl2JTIwY2xhc3MlM0QlMjJzZXJ2LWNvbnRhaW5lcjIwMjIlMjIlM0UlMEElMEElMEElMjAlMjAlMEElMEElMEElMEElMEElM0NkaXYlMjBjbGFzcyUzRCUyMnNlcnYtdW5pcWhvbWUlMjIlM0UlMEElMjAlMjAlMjAlMjAlMjAlMjAlMjAlMjAlM0NkaXYlMjBjbGFzcyUzRCUyMnNlcnYtaW1nJTIyJTNFJTBBJTNDYSUyMGhyZWYlM0QlMjJodHRwJTNBJTJGJTJGdXJnZWhvZ2FyLmNvbSUyRmNyJTJGaGFuZHltYW4tMiUyRiUyMiUzRSUwQSUyMCUyMCUyMCUyMCUyMCUyMCUyMCUyMCUyMCUyMCUyMCUyMCUzQ2ltZyUyMHNyYyUzRCUyMmh0dHAlM0ElMkYlMkZ1cmdlaG9nYXIuY29tJTJGY3IlMkZ3cC1jb250ZW50JTJGdXBsb2FkcyUyRjIwMTglMkYxMCUyRmhkeS5wbmclMjIlM0UlM0MlMkZkaXYlM0UlMEElMjAlMjAlMjAlMjAlMjAlMjAlMjAlMjAlM0NkaXYlMjBjbGFzcyUzRCUyMnNlcnYtdGl0bGUlMjIlM0UlMEElMjAlMjAlMjAlMjAlMjAlMjAlMjAlMjAlMjAlMjAlMjAlMjAlM0NwJTNFSGFuZHltYW4lM0MlMkZwJTNFJTNDJTJGYSUzRSUwQSUyMCUyMCUyMCUyMCUyMCUyMCUyMCUyMCUzQyUyRmRpdiUzRSUwQSUzQyUyRmRpdiUzRSUwQSUwQSUwQSUwQSUwQSUwQSUwQSUyMCUyMCUyMCUzQ2RpdiUyMGNsYXNzJTNEJTIyc2Vydi11bmlxaG9tZSUyMiUzRSUwQSUyMCUyMCUyMCUyMCUyMCUyMCUyMCUyMCUzQ2RpdiUyMGNsYXNzJTNEJTIyc2Vydi1pbWclMjIlM0UlMEElM0NhJTIwaHJlZiUzRCUyMmh0dHAlM0ElMkYlMkZ1cmdlaG9nYXIuY29tJTJGY3IlMkZsaW1waWV6YXNfcHJvZnVuZGFzJTJGJTIyJTNFJTBBJTIwJTIwJTIwJTIwJTIwJTIwJTIwJTIwJTIwJTIwJTIwJTIwJTNDaW1nJTIwc3JjJTNEJTIyaHR0cCUzQSUyRiUyRnVyZ2Vob2dhci5jb20lMkZjciUyRndwLWNvbnRlbnQlMkZ1cGxvYWRzJTJGMjAxOCUyRjEwJTJGbGltcGllemFwcm9mdW5kYS5wbmclMjIlM0UlM0MlMkZkaXYlM0UlMEElMjAlMjAlMjAlMjAlMjAlMjAlMjAlMjAlM0NkaXYlMjBjbGFzcyUzRCUyMnNlcnYtdGl0bGUlMjIlM0UlMEElMjAlMjAlMjAlMjAlMjAlMjAlMjAlMjAlMjAlMjAlMjAlMjAlM0NwJTNFTGltcGllemElMjBQcm9mdW5kYSUyMGRlJTIwTXVlYmxlcyUzQyUyRnAlM0UlM0MlMkZhJTNFJTBBJTIwJTIwJTIwJTIwJTIwJTIwJTIwJTIwJTNDJTJGZGl2JTNFJTBBJTBBJTNDJTJGZGl2JTNFJTBBJTIwJTIwJTIwJTNDZGl2JTIwY2xhc3MlM0QlMjJzZXJ2LXVuaXFob21lJTIyJTNFJTBBJTIwJTIwJTIwJTIwJTIwJTIwJTIwJTIwJTNDZGl2JTIwY2xhc3MlM0QlMjJzZXJ2LWltZyUyMiUzRSUwQSUzQ2ElMjBocmVmJTNEJTIyaHR0cCUzQSUyRiUyRnVyZ2Vob2dhci5jb20lMkZjciUyRm1hbnRlbmltaWVudG9fZGVfcGlzY2luYXMlMkYlMjIlM0UlMEElMjAlMjAlMjAlMjAlMjAlMjAlMjAlMjAlMjAlMjAlMjAlMjAlM0NpbWclMjBzcmMlM0QlMjJodHRwJTNBJTJGJTJGdXJnZWhvZ2FyLmNvbSUyRmNyJTJGd3AtY29udGVudCUyRnVwbG9hZHMlMkYyMDE4JTJGMTAlMkZwaXNjaW5hLnBuZyUyMiUzRSUzQyUyRmRpdiUzRSUwQSUyMCUyMCUyMCUyMCUyMCUyMCUyMCUyMCUzQ2RpdiUyMGNsYXNzJTNEJTIyc2Vydi10aXRsZSUyMiUzRSUwQSUyMCUyMCUyMCUyMCUyMCUyMCUyMCUyMCUyMCUyMCUyMCUyMCUzQ3AlM0VNYW50by4lMjBQaXNjaW5hcyUzQyUyRnAlM0UlM0MlMkZhJTNFJTBBJTIwJTIwJTIwJTIwJTIwJTIwJTIwJTIwJTNDJTJGZGl2JTNFJTBBJTNDJTJGZGl2JTNFJTBBJTBBJTNDZGl2JTIwY2xhc3MlM0QlMjJzZXJ2LXVuaXFob21lJTIyJTNFJTBBJTIwJTIwJTIwJTIwJTIwJTIwJTIwJTIwJTNDZGl2JTIwY2xhc3MlM0QlMjJzZXJ2LWltZyUyMiUzRSUwQSUzQ2ElMjBocmVmJTNEJTIyaHR0cCUzQSUyRiUyRnVyZ2Vob2dhci5jb20lMkZjciUyRmNvbnN0cnVjY2lvbl9kZV9waXNjaW5hcyUyRiUyMiUzRSUwQSUyMCUyMCUyMCUyMCUyMCUyMCUyMCUyMCUyMCUyMCUyMCUyMCUzQ2ltZyUyMHNyYyUzRCUyMmh0dHAlM0ElMkYlMkZ1cmdlaG9nYXIuY29tJTJGY3IlMkZ3cC1jb250ZW50JTJGdXBsb2FkcyUyRjIwMjIlMkYwNSUyRkFzc2V0LTFpY29ub3MtVUgtMS5wbmclMjIlM0UlM0MlMkZkaXYlM0UlMEElMjAlMjAlMjAlMjAlMjAlMjAlMjAlMjAlM0NkaXYlMjBjbGFzcyUzRCUyMnNlcnYtdGl0bGUlMjIlM0UlMEElMjAlMjAlMjAlMjAlMjAlMjAlMjAlMjAlMjAlMjAlMjAlMjAlM0NwJTNFQ29uc3RydWNjaSVDMyVCM24lMjBkZSUyMFBpc2NpbmFzJTNDJTJGcCUzRSUzQyUyRmElM0UlMEElMjAlMjAlMjAlMjAlMjAlMjAlMjAlMjAlM0MlMkZkaXYlM0UlMEElM0MlMkZkaXYlM0UlMEElMEElMEElM0NkaXYlMjBjbGFzcyUzRCUyMnNlcnYtdW5pcWhvbWUlMjIlM0UlMEElMjAlMjAlMjAlMjAlMjAlMjAlMjAlMjAlM0NkaXYlMjBjbGFzcyUzRCUyMnNlcnYtaW1nJTIyJTNFJTBBJTNDYSUyMGhyZWYlM0QlMjJodHRwJTNBJTJGJTJGdXJnZWhvZ2FyLmNvbSUyRmNyJTJGb2JyYXNfY2l2aWxlcyUyRiUyMiUzRSUwQSUyMCUyMCUyMCUyMCUyMCUyMCUyMCUyMCUyMCUyMCUyMCUyMCUzQ2ltZyUyMHNyYyUzRCUyMmh0dHAlM0ElMkYlMkZ1cmdlaG9nYXIuY29tJTJGY3IlMkZ3cC1jb250ZW50JTJGdXBsb2FkcyUyRjIwMjIlMkYwNSUyRkFzc2V0LTJpY29ub3MtVUgucG5nJTIyJTNFJTNDJTJGZGl2JTNFJTBBJTIwJTIwJTIwJTIwJTIwJTIwJTIwJTIwJTNDZGl2JTIwY2xhc3MlM0QlMjJzZXJ2LXRpdGxlJTIyJTNFJTBBJTIwJTIwJTIwJTIwJTIwJTIwJTIwJTIwJTIwJTIwJTIwJTIwJTNDcCUzRU9icmFzJTIwQ2l2aWxlcyUzQyUyRnAlM0UlM0MlMkZhJTNFJTBBJTIwJTIwJTIwJTIwJTIwJTIwJTIwJTIwJTNDJTJGZGl2JTNFJTBBJTNDJTJGZGl2JTNFJTBBJTBBJTNDJTJGZGl2JTNFJTBBJTBBJTBB[\/vc_raw_html][\/vc_column_inner][\/vc_row_inner][\/vc_column][\/vc_row][vc_row expanded=&#8221;2&#8243; css=&#8221;.vc_custom_1540848451547{padding-top: 100px !important;padding-bottom: 100px !important;}&#8221; el_class=&#8221;row-welcome&#8221;][vc_column][vc_column_text css=&#8221;.vc_custom_1540933987709{margin-bottom: 0px !important;padding-bottom: 0px !important;}&#8221;] Bienvenidos&hellip;<\/p>\n","protected":false},"author":1,"featured_media":0,"parent":0,"menu_order":0,"comment_status":"open","ping_status":"open","template":"fullwidth.php","meta":{"_joinchat":[]},"_links":{"self":[{"href":"https:\/\/urgehogar.com\/cr\/wp-json\/wp\/v2\/pages\/17"}],"collection":[{"href":"https:\/\/urgehogar.com\/cr\/wp-json\/wp\/v2\/pages"}],"about":[{"href":"https:\/\/urgehogar.com\/cr\/wp-json\/wp\/v2\/types\/page"}],"author":[{"embeddable":true,"href":"https:\/\/urgehogar.com\/cr\/wp-json\/wp\/v2\/users\/1"}],"replies":[{"embeddable":true,"href":"https:\/\/urgehogar.com\/cr\/wp-json\/wp\/v2\/comments?post=17"}],"version-history":[{"count":6,"href":"https:\/\/urgehogar.com\/cr\/wp-json\/wp\/v2\/pages\/17\/revisions"}],"predecessor-version":[{"id":1001559,"href":"https:\/\/urgehogar.com\/cr\/wp-json\/wp\/v2\/pages\/17\/revisions\/1001559"}],"wp:attachment":[{"href":"https:\/\/urgehogar.com\/cr\/wp-json\/wp\/v2\/media?parent=17"}],"curies":[{"name":"wp","href":"https:\/\/api.w.org\/{rel}","templated":true}]}}