{"id":1001113,"date":"2018-11-10T20:56:30","date_gmt":"2018-11-11T02:56:30","guid":{"rendered":"http:\/\/urgehogar.com\/cr\/?page_id=1001113"},"modified":"2022-06-01T09:39:20","modified_gmt":"2022-06-01T15:39:20","slug":"handyman-2","status":"publish","type":"page","link":"https:\/\/urgehogar.com\/cr\/handyman-2\/","title":{"rendered":"Handyman"},"content":{"rendered":"<p>[vc_row el_id=&#8221;servmargin&#8221;][vc_column css=&#8221;.vc_custom_1541882035298{padding-top: 40px !important;padding-bottom: 20px !important;}&#8221;][vc_text_separator title=&#8221;Handyman&#8221; style=&#8221;dotted&#8221; el_class=&#8221;.titleserrv&#8221;][\/vc_column][vc_column width=&#8221;1\/2&#8243;][vc_column_text]URGEHOGAR designa a un personal t\u00e9cnico con aptitudes y conocimientos varios en las diferentes \u00e1reas de Mantenimiento Preventivo y Correctivo, con el objetivo de que nuestros clientes puedan tener una respuesta inmediata y certera a sus necesidades, garantizando la operatividad de sus infraestructuras. El puesto de Handyman asegura una reducci\u00f3n de sustancias en labores correctivos \u00a0al realizar un mantenimiento preventivo certero, lo cual se traduce en ahorros significativos a nuestros clientes. Entre las labores que realiza dicho puesto:<\/p>\n<ul>\n<li>Jardiner\u00eda.<\/li>\n<li>Fontaner\u00eda b\u00e1sica.<\/li>\n<li>Electricidad b\u00e1sica.<\/li>\n<li>Impermeabilizaciones de techo.<\/li>\n<li>Pintura.<\/li>\n<li>Alba\u00f1iler\u00eda b\u00e1sica.<\/li>\n<li>Limpieza de filtros y blowers de aire acondicionados (Split).<\/li>\n<li>Limpiezas profundas.<\/li>\n<li>Sondeos de tuber\u00edas.<\/li>\n<\/ul>\n<p>[\/vc_column_text][\/vc_column][vc_column width=&#8221;1\/2&#8243;][vc_row_inner][vc_column_inner width=&#8221;1\/2&#8243;][vc_single_image image=&#8221;1000697&#8243; img_size=&#8221;full&#8221;][\/vc_column_inner][vc_column_inner width=&#8221;1\/2&#8243;][vc_single_image image=&#8221;1000703&#8243; img_size=&#8221;full&#8221;][\/vc_column_inner][\/vc_row_inner][vc_row_inner css=&#8221;.vc_custom_1541902898562{margin-top: 0px !important;margin-right: 0px !important;margin-bottom: 25px !important;margin-left: 0px !important;padding-top: 25px !important;padding-right: 25px !important;padding-bottom: 25px !important;padding-left: 25px !important;background-color: #1e73be !important;border-radius: 10px !important;}&#8221;][vc_column_inner width=&#8221;1\/3&#8243;][vc_btn title=&#8221;Agenda tu Cita!&#8221; style=&#8221;classic&#8221; align=&#8221;center&#8221; button_block=&#8221;true&#8221; link=&#8221;url:http%3A%2F%2Furgehogar.com%2Fcr%2Fagenda-tu-cita%2F|||&#8221; css=&#8221;.vc_custom_1541903543132{margin-top: 0px !important;margin-bottom: 0px !important;padding-top: 0px !important;padding-bottom: 0px !important;}&#8221;][\/vc_column_inner][vc_column_inner width=&#8221;2\/3&#8243; css=&#8221;.vc_custom_1541881866754{margin-bottom: 0px !important;}&#8221;][vc_column_text css=&#8221;.vc_custom_1653932337035{margin-top: 0px !important;margin-bottom: 0px !important;padding-top: 0px !important;padding-bottom: 0px !important;}&#8221;]<\/p>\n<div class=\"navigation-label\" style=\"text-align: center;\"><span style=\"color: #ffffff; font-size: 17px;\">\u00bfNecesita asistencia?<\/span><\/div>\n<div class=\"navigation-text\" style=\"text-align: center;\"><span style=\"color: #ffffff;\">+506 8317-7396 |\u00a0ventascr@urgehogar.com<\/span><\/div>\n<p>[\/vc_column_text][\/vc_column_inner][\/vc_row_inner][\/vc_column][\/vc_row][vc_row css=&#8221;.vc_custom_1653661867141{margin-top: 40px !important;margin-bottom: 150px !important;background-color: #ffffff !important;}&#8221;][vc_column width=&#8221;1\/6&#8243; css=&#8221;.vc_custom_1541882779734{margin-top: 0px !important;margin-bottom: 0px !important;padding-top: 0px !important;padding-bottom: 0px !important;}&#8221;][\/vc_column][vc_column width=&#8221;2\/3&#8243; css=&#8221;.vc_custom_1653661376752{margin-bottom: 150px !important;padding-top: 25px !important;padding-bottom: 25px !important;background-color: #adadad !important;border-radius: 10px !important;}&#8221;][vc_custom_heading text=&#8221;Conozca todos nuestros servicios&#8221; font_container=&#8221;tag:h5|font_size:22px|text_align:center|color:%23ffffff|line_height:22px&#8221; google_fonts=&#8221;font_family:Roboto%20Condensed%3A300%2C300italic%2Cregular%2Citalic%2C700%2C700italic|font_style:400%20regular%3A400%3Anormal&#8221; css=&#8221;.vc_custom_1541897491099{margin-top: 0px !important;margin-bottom: 0px !important;padding-top: 0px !important;padding-bottom: 0px !important;}&#8221;][vc_raw_html]JTNDZGl2JTIwY2xhc3MlM0QlMjJzZXJ2LWNvbnRhaW5lciUyMiUzRSUwQSUyMCUyMCUyMCUyMCUyMCUwQSUwQSUwQSUwQSUwQSUwQSUwQSUzQ2RpdiUyMGNsYXNzJTNEJTIyc2Vydi11bmlxMjAyMiUyMiUzRSUwQSUyMCUyMCUyMCUyMCUyMCUyMCUyMCUyMCUzQ2RpdiUyMGNsYXNzJTNEJTIyc2Vydi1pbWclMjIlM0UlMEElM0NhJTIwaHJlZiUzRCUyMmh0dHAlM0ElMkYlMkZ1cmdlaG9nYXIuY29tJTJGY3IlMkZoYW5keW1hbi0yJTJGJTIyJTNFJTBBJTIwJTIwJTIwJTIwJTIwJTIwJTIwJTIwJTIwJTIwJTIwJTIwJTNDaW1nJTIwc3JjJTNEJTIyaHR0cCUzQSUyRiUyRnVyZ2Vob2dhci5jb20lMkZjciUyRndwLWNvbnRlbnQlMkZ1cGxvYWRzJTJGMjAxOCUyRjEwJTJGaGR5LnBuZyUyMiUzRSUzQyUyRmRpdiUzRSUwQSUyMCUyMCUyMCUyMCUyMCUyMCUyMCUyMCUzQ2RpdiUyMGNsYXNzJTNEJTIyc2Vydi10aXRsZSUyMiUzRSUwQSUyMCUyMCUyMCUyMCUyMCUyMCUyMCUyMCUyMCUyMCUyMCUyMCUzQ3AlM0VIYW5keW1hbiUzQyUyRnAlM0UlM0MlMkZhJTNFJTBBJTIwJTIwJTIwJTIwJTIwJTIwJTIwJTIwJTNDJTJGZGl2JTNFJTBBJTNDJTJGZGl2JTNFJTBBJTBBJTBBJTBBJTBBJTBBJTBBJTIwJTIwJTIwJTNDZGl2JTIwY2xhc3MlM0QlMjJzZXJ2LXVuaXEyMDIyJTIyJTNFJTBBJTIwJTIwJTIwJTIwJTIwJTIwJTIwJTIwJTNDZGl2JTIwY2xhc3MlM0QlMjJzZXJ2LWltZyUyMiUzRSUwQSUzQ2ElMjBocmVmJTNEJTIyaHR0cCUzQSUyRiUyRnVyZ2Vob2dhci5jb20lMkZjciUyRmxpbXBpZXphc19wcm9mdW5kYXMlMkYlMjIlM0UlMEElMjAlMjAlMjAlMjAlMjAlMjAlMjAlMjAlMjAlMjAlMjAlMjAlM0NpbWclMjBzcmMlM0QlMjJodHRwJTNBJTJGJTJGdXJnZWhvZ2FyLmNvbSUyRmNyJTJGd3AtY29udGVudCUyRnVwbG9hZHMlMkYyMDE4JTJGMTAlMkZsaW1waWV6YXByb2Z1bmRhLnBuZyUyMiUzRSUzQyUyRmRpdiUzRSUwQSUyMCUyMCUyMCUyMCUyMCUyMCUyMCUyMCUzQ2RpdiUyMGNsYXNzJTNEJTIyc2Vydi10aXRsZSUyMiUzRSUwQSUyMCUyMCUyMCUyMCUyMCUyMCUyMCUyMCUyMCUyMCUyMCUyMCUzQ3AlM0VMaW1waWV6YSUyMFByb2Z1bmRhJTIwZGUlMjBNdWVibGVzJTNDJTJGcCUzRSUzQyUyRmElM0UlMEElMjAlMjAlMjAlMjAlMjAlMjAlMjAlMjAlM0MlMkZkaXYlM0UlMEElM0MlMkZkaXYlM0UlMEElMjAlMjAlMjAlM0NkaXYlMjBjbGFzcyUzRCUyMnNlcnYtdW5pcTIwMjIlMjIlM0UlMEElMjAlMjAlMjAlMjAlMjAlMjAlMjAlMjAlM0NkaXYlMjBjbGFzcyUzRCUyMnNlcnYtaW1nJTIyJTNFJTBBJTNDYSUyMGhyZWYlM0QlMjJodHRwJTNBJTJGJTJGdXJnZWhvZ2FyLmNvbSUyRmNyJTJGbWFudGVuaW1pZW50b19kZV9waXNjaW5hcyUyRiUyMiUzRSUwQSUyMCUyMCUyMCUyMCUyMCUyMCUyMCUyMCUyMCUyMCUyMCUyMCUzQ2ltZyUyMHNyYyUzRCUyMmh0dHAlM0ElMkYlMkZ1cmdlaG9nYXIuY29tJTJGY3IlMkZ3cC1jb250ZW50JTJGdXBsb2FkcyUyRjIwMTglMkYxMCUyRnBpc2NpbmEucG5nJTIyJTNFJTNDJTJGZGl2JTNFJTBBJTIwJTIwJTIwJTIwJTIwJTIwJTIwJTIwJTNDZGl2JTIwY2xhc3MlM0QlMjJzZXJ2LXRpdGxlJTIyJTNFJTBBJTIwJTIwJTIwJTIwJTIwJTIwJTIwJTIwJTIwJTIwJTIwJTIwJTNDcCUzRU1hbnRvLiUyMFBpc2NpbmFzJTNDJTJGcCUzRSUzQyUyRmElM0UlMEElMjAlMjAlMjAlMjAlMjAlMjAlMjAlMjAlM0MlMkZkaXYlM0UlMEElM0MlMkZkaXYlM0UlMEElMEElMEElM0NkaXYlMjBjbGFzcyUzRCUyMnNlcnYtdW5pcTIwMjIlMjIlM0UlMEElMjAlMjAlMjAlMjAlMjAlMjAlMjAlMjAlM0NkaXYlMjBjbGFzcyUzRCUyMnNlcnYtaW1nJTIyJTNFJTBBJTNDYSUyMGhyZWYlM0QlMjJodHRwJTNBJTJGJTJGdXJnZWhvZ2FyLmNvbSUyRmNyJTJGY29uc3RydWNjaW9uX2RlX3Bpc2NpbmFzJTJGJTIyJTNFJTBBJTIwJTIwJTIwJTIwJTIwJTIwJTIwJTIwJTIwJTIwJTIwJTIwJTNDaW1nJTIwc3JjJTNEJTIyaHR0cCUzQSUyRiUyRnVyZ2Vob2dhci5jb20lMkZjciUyRndwLWNvbnRlbnQlMkZ1cGxvYWRzJTJGMjAyMiUyRjA1JTJGQXNzZXQtMWljb25vcy1VSC0xLnBuZyUyMiUzRSUzQyUyRmRpdiUzRSUwQSUyMCUyMCUyMCUyMCUyMCUyMCUyMCUyMCUzQ2RpdiUyMGNsYXNzJTNEJTIyc2Vydi10aXRsZSUyMiUzRSUwQSUyMCUyMCUyMCUyMCUyMCUyMCUyMCUyMCUyMCUyMCUyMCUyMCUzQ3AlM0VDb25zdHJ1Y2NpJUMzJUIzbiUyMGRlJTIwUGlzY2luYXMlM0MlMkZwJTNFJTNDJTJGYSUzRSUwQSUyMCUyMCUyMCUyMCUyMCUyMCUyMCUyMCUzQyUyRmRpdiUzRSUwQSUzQyUyRmRpdiUzRSUwQSUwQSUwQSUzQ2RpdiUyMGNsYXNzJTNEJTIyc2Vydi11bmlxMjAyMiUyMiUzRSUwQSUyMCUyMCUyMCUyMCUyMCUyMCUyMCUyMCUzQ2RpdiUyMGNsYXNzJTNEJTIyc2Vydi1pbWclMjIlM0UlMEElM0NhJTIwaHJlZiUzRCUyMmh0dHAlM0ElMkYlMkZ1cmdlaG9nYXIuY29tJTJGY3IlMkZvYnJhc19jaXZpbGVzJTJGJTIyJTNFJTBBJTIwJTIwJTIwJTIwJTIwJTIwJTIwJTIwJTIwJTIwJTIwJTIwJTNDaW1nJTIwc3JjJTNEJTIyaHR0cCUzQSUyRiUyRnVyZ2Vob2dhci5jb20lMkZjciUyRndwLWNvbnRlbnQlMkZ1cGxvYWRzJTJGMjAyMiUyRjA1JTJGQXNzZXQtMmljb25vcy1VSC5wbmclMjIlM0UlM0MlMkZkaXYlM0UlMEElMjAlMjAlMjAlMjAlMjAlMjAlMjAlMjAlM0NkaXYlMjBjbGFzcyUzRCUyMnNlcnYtdGl0bGUlMjIlM0UlMEElMjAlMjAlMjAlMjAlMjAlMjAlMjAlMjAlMjAlMjAlMjAlMjAlM0NwJTNFT2JyYXMlMjBDaXZpbGVzJTNDJTJGcCUzRSUzQyUyRmElM0UlMEElMjAlMjAlMjAlMjAlMjAlMjAlMjAlMjAlM0MlMkZkaXYlM0UlMEElM0MlMkZkaXYlM0UlMEElMEElMEElM0MlMkZkaXYlM0UlMEElMEElMEE=[\/vc_raw_html][\/vc_column][vc_column width=&#8221;1\/6&#8243;][\/vc_column][\/vc_row]<\/p>\n","protected":false},"excerpt":{"rendered":"<p>[vc_row el_id=&#8221;servmargin&#8221;][vc_column css=&#8221;.vc_custom_1541882035298{padding-top: 40px !important;padding-bottom: 20px !important;}&#8221;][vc_text_separator title=&#8221;Handyman&#8221; style=&#8221;dotted&#8221; el_class=&#8221;.titleserrv&#8221;][\/vc_column][vc_column width=&#8221;1\/2&#8243;][vc_column_text]URGEHOGAR designa a un personal t\u00e9cnico con aptitudes y conocimientos varios en las diferentes \u00e1reas de Mantenimiento Preventivo y Correctivo, con el objetivo de que nuestros clientes puedan tener una respuesta inmediata y certera a sus necesidades, garantizando la operatividad de sus infraestructuras. El puesto&hellip;<\/p>\n","protected":false},"author":1,"featured_media":0,"parent":0,"menu_order":0,"comment_status":"closed","ping_status":"closed","template":"","meta":{"_joinchat":[]},"_links":{"self":[{"href":"https:\/\/urgehogar.com\/cr\/wp-json\/wp\/v2\/pages\/1001113"}],"collection":[{"href":"https:\/\/urgehogar.com\/cr\/wp-json\/wp\/v2\/pages"}],"about":[{"href":"https:\/\/urgehogar.com\/cr\/wp-json\/wp\/v2\/types\/page"}],"author":[{"embeddable":true,"href":"https:\/\/urgehogar.com\/cr\/wp-json\/wp\/v2\/users\/1"}],"replies":[{"embeddable":true,"href":"https:\/\/urgehogar.com\/cr\/wp-json\/wp\/v2\/comments?post=1001113"}],"version-history":[{"count":3,"href":"https:\/\/urgehogar.com\/cr\/wp-json\/wp\/v2\/pages\/1001113\/revisions"}],"predecessor-version":[{"id":1001554,"href":"https:\/\/urgehogar.com\/cr\/wp-json\/wp\/v2\/pages\/1001113\/revisions\/1001554"}],"wp:attachment":[{"href":"https:\/\/urgehogar.com\/cr\/wp-json\/wp\/v2\/media?parent=1001113"}],"curies":[{"name":"wp","href":"https:\/\/api.w.org\/{rel}","templated":true}]}}